{"id":1083,"date":"2023-11-17T16:35:40","date_gmt":"2023-11-17T15:35:40","guid":{"rendered":"https:\/\/ciudapolis.com\/?page_id=1083"},"modified":"2024-01-15T21:23:39","modified_gmt":"2024-01-15T20:23:39","slug":"equipo-de-lideres","status":"publish","type":"page","link":"https:\/\/ciudapolis.com\/en\/equipo-de-lideres\/","title":{"rendered":"Equipo de L\u00edderes"},"content":{"rendered":"<div data-elementor-type=\"wp-page\" data-elementor-id=\"1083\" class=\"elementor elementor-1083\" data-elementor-post-type=\"page\">\n\t\t\t\t<div class=\"elementor-element elementor-element-3e8381b e-con-full recorre e-flex elementor-invisible e-con e-parent\" data-id=\"3e8381b\" data-element_type=\"container\" data-settings=\"{&quot;background_background&quot;:&quot;video&quot;,&quot;background_video_link&quot;:&quot;https:\\\/\\\/www.youtube.com\\\/watch?v=lmyZMtPVodo&quot;,&quot;background_play_on_mobile&quot;:&quot;yes&quot;,&quot;animation&quot;:&quot;fadeIn&quot;}\">\n\t\t<div class=\"elementor-background-video-container\">\n\t\t\t\t\t\t\t<div class=\"elementor-background-video-embed\"><\/div>\n\t\t\t\t\t\t<\/div>\t\t<\/div>\n\t\t\t\t<section class=\"elementor-section elementor-top-section elementor-element elementor-element-905f6af elementor-section-boxed elementor-section-height-default elementor-section-height-default\" data-id=\"905f6af\" data-element_type=\"section\">\n\t\t\t\t\t\t<div class=\"elementor-container elementor-column-gap-default\">\n\t\t\t\t\t<div class=\"elementor-column elementor-col-100 elementor-top-column elementor-element elementor-element-7177d65c\" data-id=\"7177d65c\" data-element_type=\"column\">\n\t\t\t<div class=\"elementor-widget-wrap elementor-element-populated\">\n\t\t\t\t\t\t<div class=\"elementor-element elementor-element-1612426f elementor-widget elementor-widget-elementskit-heading\" data-id=\"1612426f\" data-element_type=\"widget\" data-widget_type=\"elementskit-heading.default\">\n\t\t\t\t<div class=\"elementor-widget-container\">\n\t\t\t\t\t<div class=\"ekit-wid-con\" ><div class=\"ekit-heading elementskit-section-title-wraper text_center   ekit_heading_tablet-   ekit_heading_mobile-\"><h3 class=\"elementskit-section-subtitle\">\n\t\t\t\t\t\tEquipo de Liderazgo\n\t\t\t\t\t<\/h3><h2 class=\"ekit-heading--title elementskit-section-title\">MENTES MAESTRAS DETR\u00c1S DE NUESTRA ORGANIZACI\u00d3N<\/h2><\/div><\/div>\t\t\t\t<\/div>\n\t\t\t\t<\/div>\n\t\t\t\t<div class=\"elementor-element elementor-element-89bbad2 elementor-widget elementor-widget-html\" data-id=\"89bbad2\" data-element_type=\"widget\" data-widget_type=\"html.default\">\n\t\t\t\t<div class=\"elementor-widget-container\">\n\t\t\t\t\t<!DOCTYPE html>\r\n<html lang=\"es\">\r\n<head>\r\n  <meta charset=\"UTF-8\">\r\n  <meta name=\"viewport\" content=\"width=device-width, initial-scale=1.0\">\r\n  <link rel=\"stylesheet\" href=\"https:\/\/fonts.googleapis.com\/css2?family=Montserrat:wght@400&display=swap\">\r\n  <style>\r\n    body {\r\n      font-family: 'Arial', sans-serif;\r\n      margin: 0;\r\n      padding: 0;\r\n      background-color: #f4f4f4;\r\n    }\r\n\r\n    .team-container {\r\n      display: flex;\r\n      justify-content: center;\r\n      align-items: center;\r\n      flex-wrap: wrap;\r\n    }\r\n\r\n    .team-member {\r\n      position: relative;\r\n      width: 280px;\r\n      height: 250px;\r\n      margin: 20px;\r\n      overflow: hidden;\r\n      cursor: pointer;\r\n      transition: transform 0.3s ease-in-out;\r\n    }\r\n\r\n    .team-member img {\r\n      width: 100%;\r\n      height: 100%;\r\n      object-fit: cover;\r\n      transition: filter 0.3s ease-in-out, opacity 0.3s ease-in-out;\r\n    }\r\n\r\n    .team-member:hover img {\r\n      filter: grayscale(0%);\r\n      opacity: 1;\r\n    }\r\n\r\n    .team-container:hover .team-member:not(:hover) img {\r\n      filter: grayscale(80%);\r\n      opacity: 0.6; \/* Ajusta el valor seg\u00fan prefieras *\/\r\n    }\r\n\r\n    .team-member:hover {\r\n      transform: scale(1.04);\r\n    }\r\n\r\n    .team-member-info {\r\n      position: absolute;\r\n      bottom: 0;\r\n      width: 100%;\r\n      padding: 10px;\r\n      background-color: rgba(255, 255, 255, 0.9);\r\n      text-align: center;\r\n      transition: height 0.3s ease-in-out;\r\n      height: 50px; \/* Altura inicial de la parte blanca *\/\r\n    }\r\n    \r\n.team-member:hover .team-member-info {\r\n  height: 80px; \/* Ajustar la altura al hacer hover *\/\r\n}\r\n\r\n.team-member:hover .team-member-info, .team-member:hover .team-member-info * {\r\n  opacity: 1; \/* Mostrar el contenido al hacer hover en la imagen o la parte blanca *\/\r\n}\r\n\r\n    .team-member-name {\r\n      font-family: 'Montserrat', sans-serif;\r\n      font-weight: 600;\r\n      color: #000;\r\n      transition: opacity 0.3s ease-in-out;\r\n      opacity: 1; \/* Hacer el nombre visible por defecto *\/\r\n      letter-spacing: 1px;\r\n      font-size: 20px\r\n    }\r\n\r\n    .team-member-info:hover .team-member-name {\r\n      opacity: 1; \/* Mantener el nombre visible al hacer hover en la parte blanca *\/\r\n    }\r\n\r\n    .team-member-role {\r\n      color: #00D27D;\r\n      font-size:14px;\r\n      \r\n      transition: opacity 0.3s ease-in-out;\r\n      opacity: 0; \/* Hacer el cargo invisible por defecto *\/\r\n      font-family: Montserrat;\r\n    }\r\n\r\n    .team-member-info:hover .team-member-role {\r\n      opacity: 1; \/* Mostrar el cargo al hacer hover en la parte blanca *\/\r\n    }\r\n    \r\n  <\/style>\r\n  <title>Galer\u00eda de Equipo<\/title>\r\n<\/head>\r\n<body>\r\n  <div class=\"team-container\">\r\n    <div class=\"team-member\">\r\n      <img decoding=\"async\" src=\"https:\/\/ciudapolis.com\/wp-content\/uploads\/2023\/11\/al_Jorge-Loza-Director-Ejecutivo-1.jpg\" alt=\"Equipo 1\">\r\n      <div class=\"team-member-info\">\r\n        <div class=\"team-member-name\">JORGE LOZA<\/div>\r\n        <div class=\"team-member-role\">Director Ejecutivo<\/div>\r\n      <\/div>\r\n    <\/div>\r\n    <div class=\"team-member\">\r\n      <img decoding=\"async\" src=\"http:\/\/jorgelozadiaz.com\/wp-content\/uploads\/2023\/11\/bg-img2.jpg\" alt=\"Equipo 2\">\r\n      <div class=\"team-member-info\">\r\n        <div class=\"team-member-name\">JENNY BARRERA<\/div>\r\n        <div class=\"team-member-role\">Directora Comercial<\/div>\r\n      <\/div>\r\n    <\/div>\r\n    <div class=\"team-member\">\r\n      <img decoding=\"async\" src=\"http:\/\/jorgelozadiaz.com\/wp-content\/uploads\/2023\/11\/bg-img2.jpg\" alt=\"Equipo 3\">\r\n      <div class=\"team-member-info\">\r\n        <div class=\"team-member-name\">WALTER BRYSON<\/div>\r\n        <div class=\"team-member-role\">Cargo 3<\/div>\r\n      <\/div>\r\n    <\/div>\r\n    <!-- Agrega m\u00e1s miembros del equipo seg\u00fan sea necesario -->\r\n  <\/div>\r\n<\/body>\r\n<\/html>\r\n\t\t\t\t<\/div>\n\t\t\t\t<\/div>\n\t\t\t\t\t<\/div>\n\t\t<\/div>\n\t\t\t\t\t<\/div>\n\t\t<\/section>\n\t\t\t\t<section class=\"elementor-section elementor-top-section elementor-element elementor-element-54bb14a elementor-section-boxed elementor-section-height-default elementor-section-height-default\" data-id=\"54bb14a\" data-element_type=\"section\">\n\t\t\t\t\t\t<div class=\"elementor-container elementor-column-gap-default\">\n\t\t\t\t\t<div class=\"elementor-column elementor-col-100 elementor-top-column elementor-element elementor-element-44ed346\" data-id=\"44ed346\" data-element_type=\"column\">\n\t\t\t<div class=\"elementor-widget-wrap elementor-element-populated\">\n\t\t\t\t\t\t<div class=\"elementor-element elementor-element-3dbecaf6 elementor-widget elementor-widget-elementskit-heading\" data-id=\"3dbecaf6\" data-element_type=\"widget\" data-settings=\"{&quot;_animation&quot;:&quot;none&quot;}\" data-widget_type=\"elementskit-heading.default\">\n\t\t\t\t<div class=\"elementor-widget-container\">\n\t\t\t\t\t<div class=\"ekit-wid-con\" ><div class=\"ekit-heading elementskit-section-title-wraper text_center   ekit_heading_tablet-   ekit_heading_mobile-\"><h2 class=\"ekit-heading--title elementskit-section-title\">THEY WANT TO GREET YOU<\/h2>\t\t\t\t<div class='ekit-heading__description'>\n\t\t\t\t\t<p>Mira el video de bienvenida por parte de nuestro equipo de l\u00edderes<\/p>\n\t\t\t\t<\/div>\n\t\t\t<\/div><\/div>\t\t\t\t<\/div>\n\t\t\t\t<\/div>\n\t\t\t\t<section class=\"elementor-section elementor-inner-section elementor-element elementor-element-3f521aee elementor-section-boxed elementor-section-height-default elementor-section-height-default\" data-id=\"3f521aee\" data-element_type=\"section\">\n\t\t\t\t\t\t<div class=\"elementor-container elementor-column-gap-default\">\n\t\t\t\t\t<div class=\"elementor-column elementor-col-33 elementor-inner-column elementor-element elementor-element-6c1d39b\" data-id=\"6c1d39b\" data-element_type=\"column\">\n\t\t\t<div class=\"elementor-widget-wrap elementor-element-populated\">\n\t\t\t\t\t\t<section class=\"elementor-section elementor-inner-section elementor-element elementor-element-3ec22e6 elementor-section-height-min-height elementor-section-content-bottom elementor-section-boxed elementor-section-height-default\" data-id=\"3ec22e6\" data-element_type=\"section\" data-settings=\"{&quot;background_background&quot;:&quot;classic&quot;,&quot;animation&quot;:&quot;none&quot;}\">\n\t\t\t\t\t\t\t<div class=\"elementor-background-overlay\"><\/div>\n\t\t\t\t\t\t\t<div class=\"elementor-container elementor-column-gap-default\">\n\t\t\t\t\t<div class=\"elementor-column elementor-col-100 elementor-inner-column elementor-element elementor-element-716a3793\" data-id=\"716a3793\" data-element_type=\"column\">\n\t\t\t<div class=\"elementor-widget-wrap elementor-element-populated\">\n\t\t\t\t\t\t<div class=\"elementor-element elementor-element-674451ca elementor-widget__width-auto elementor-absolute elementor-widget elementor-widget-elementskit-heading\" data-id=\"674451ca\" data-element_type=\"widget\" data-settings=\"{&quot;_position&quot;:&quot;absolute&quot;}\" data-widget_type=\"elementskit-heading.default\">\n\t\t\t\t<div class=\"elementor-widget-container\">\n\t\t\t\t\t<div class=\"ekit-wid-con\" ><div class=\"ekit-heading elementskit-section-title-wraper text_left   ekit_heading_tablet-   ekit_heading_mobile-\"><h3 class=\"ekit-heading--title elementskit-section-title\">Meet<\/h3><h4 class=\"ekit-heading--subtitle elementskit-section-subtitle\">\n\t\t\t\t\t\tJenny Barrera\n\t\t\t\t\t<\/h4><\/div><\/div>\t\t\t\t<\/div>\n\t\t\t\t<\/div>\n\t\t\t\t<div class=\"elementor-element elementor-element-3d416d45 elementor-widget__width-auto elementor-absolute elementor-widget elementor-widget-elementskit-video\" data-id=\"3d416d45\" data-element_type=\"widget\" data-settings=\"{&quot;_position&quot;:&quot;absolute&quot;}\" data-widget_type=\"elementskit-video.default\">\n\t\t\t\t<div class=\"elementor-widget-container\">\n\t\t\t\t\t<div class=\"ekit-wid-con\" >\t\t<div class=\"video-content\" data-video-player=\"[]\" data-video-setting=\"{&quot;videoVolume&quot;:&quot;horizontal&quot;,&quot;startVolume&quot;:0.8,&quot;videoType&quot;:&quot;iframe&quot;,&quot;videoClass&quot;:&quot;mfp-fade&quot;}\">\n\t\t\t\n<a class=\"ekit_icon_button glow-btn ekit-video-popup ekit-video-popup-btn\" href=\"https:\/\/www.youtube.com\/embed\/1MTkZPys7mU?feature=oembed?playlist=1MTkZPys7mU&amp;mute=0&amp;autoplay=0&amp;loop=no&amp;controls=0&amp;start=0&amp;end=\" aria-label=\"video-popup\">\n\t\t\t\t<svg aria-hidden=\"true\" class=\"e-font-icon-svg e-fas-play\" viewbox=\"0 0 448 512\" xmlns=\"http:\/\/www.w3.org\/2000\/svg\"><path d=\"M424.4 214.7L72.4 6.6C43.8-10.3 0 6.1 0 47.9V464c0 37.5 40.7 60.1 72.4 41.3l352-208c31.4-18.5 31.5-64.1 0-82.6z\"><\/path><\/svg>\t\t<\/a>\n\t\t\t\t\t<\/div>\n\t\t<\/div>\t\t\t\t<\/div>\n\t\t\t\t<\/div>\n\t\t\t\t\t<\/div>\n\t\t<\/div>\n\t\t\t\t\t<\/div>\n\t\t<\/section>\n\t\t\t\t\t<\/div>\n\t\t<\/div>\n\t\t\t\t<div class=\"elementor-column elementor-col-33 elementor-inner-column elementor-element elementor-element-7a392526\" data-id=\"7a392526\" data-element_type=\"column\">\n\t\t\t<div class=\"elementor-widget-wrap elementor-element-populated\">\n\t\t\t\t\t\t<section class=\"elementor-section elementor-inner-section elementor-element elementor-element-54bffa71 elementor-section-height-min-height elementor-section-content-bottom elementor-section-boxed elementor-section-height-default\" data-id=\"54bffa71\" data-element_type=\"section\" data-settings=\"{&quot;background_background&quot;:&quot;classic&quot;,&quot;animation&quot;:&quot;none&quot;}\">\n\t\t\t\t\t\t\t<div class=\"elementor-background-overlay\"><\/div>\n\t\t\t\t\t\t\t<div class=\"elementor-container elementor-column-gap-default\">\n\t\t\t\t\t<div class=\"elementor-column elementor-col-100 elementor-inner-column elementor-element elementor-element-ef2de08\" data-id=\"ef2de08\" data-element_type=\"column\">\n\t\t\t<div class=\"elementor-widget-wrap elementor-element-populated\">\n\t\t\t\t\t\t<div class=\"elementor-element elementor-element-1a555c41 elementor-widget__width-auto elementor-absolute elementor-widget elementor-widget-elementskit-heading\" data-id=\"1a555c41\" data-element_type=\"widget\" data-settings=\"{&quot;_position&quot;:&quot;absolute&quot;}\" data-widget_type=\"elementskit-heading.default\">\n\t\t\t\t<div class=\"elementor-widget-container\">\n\t\t\t\t\t<div class=\"ekit-wid-con\" ><div class=\"ekit-heading elementskit-section-title-wraper text_left   ekit_heading_tablet-   ekit_heading_mobile-\"><h3 class=\"ekit-heading--title elementskit-section-title\">Meet<\/h3><h4 class=\"ekit-heading--subtitle elementskit-section-subtitle\">\n\t\t\t\t\t\tVilma\n\t\t\t\t\t<\/h4><\/div><\/div>\t\t\t\t<\/div>\n\t\t\t\t<\/div>\n\t\t\t\t<div class=\"elementor-element elementor-element-f9fedff elementor-widget__width-auto elementor-absolute elementor-widget elementor-widget-elementskit-video\" data-id=\"f9fedff\" data-element_type=\"widget\" data-settings=\"{&quot;_position&quot;:&quot;absolute&quot;}\" data-widget_type=\"elementskit-video.default\">\n\t\t\t\t<div class=\"elementor-widget-container\">\n\t\t\t\t\t<div class=\"ekit-wid-con\" >\t\t<div class=\"video-content\" data-video-player=\"[]\" data-video-setting=\"{&quot;videoVolume&quot;:&quot;horizontal&quot;,&quot;startVolume&quot;:0.8,&quot;videoType&quot;:&quot;iframe&quot;,&quot;videoClass&quot;:&quot;mfp-fade&quot;}\">\n\t\t\t\n<a class=\"ekit_icon_button glow-btn ekit-video-popup ekit-video-popup-btn\" href=\"https:\/\/www.youtube.com\/embed\/1MTkZPys7mU?feature=oembed?playlist=1MTkZPys7mU&amp;mute=0&amp;autoplay=0&amp;loop=no&amp;controls=0&amp;start=0&amp;end=\" aria-label=\"video-popup\">\n\t\t\t\t<svg aria-hidden=\"true\" class=\"e-font-icon-svg e-fas-play\" viewbox=\"0 0 448 512\" xmlns=\"http:\/\/www.w3.org\/2000\/svg\"><path d=\"M424.4 214.7L72.4 6.6C43.8-10.3 0 6.1 0 47.9V464c0 37.5 40.7 60.1 72.4 41.3l352-208c31.4-18.5 31.5-64.1 0-82.6z\"><\/path><\/svg>\t\t<\/a>\n\t\t\t\t\t<\/div>\n\t\t<\/div>\t\t\t\t<\/div>\n\t\t\t\t<\/div>\n\t\t\t\t\t<\/div>\n\t\t<\/div>\n\t\t\t\t\t<\/div>\n\t\t<\/section>\n\t\t\t\t\t<\/div>\n\t\t<\/div>\n\t\t\t\t<div class=\"elementor-column elementor-col-33 elementor-inner-column elementor-element elementor-element-5cc156c4\" data-id=\"5cc156c4\" data-element_type=\"column\">\n\t\t\t<div class=\"elementor-widget-wrap elementor-element-populated\">\n\t\t\t\t\t\t<section class=\"elementor-section elementor-inner-section elementor-element elementor-element-6372636 elementor-section-height-min-height elementor-section-content-bottom elementor-section-boxed elementor-section-height-default\" data-id=\"6372636\" data-element_type=\"section\" data-settings=\"{&quot;background_background&quot;:&quot;classic&quot;,&quot;animation&quot;:&quot;none&quot;}\">\n\t\t\t\t\t\t\t<div class=\"elementor-background-overlay\"><\/div>\n\t\t\t\t\t\t\t<div class=\"elementor-container elementor-column-gap-default\">\n\t\t\t\t\t<div class=\"elementor-column elementor-col-100 elementor-inner-column elementor-element elementor-element-370cb2e3\" data-id=\"370cb2e3\" data-element_type=\"column\">\n\t\t\t<div class=\"elementor-widget-wrap elementor-element-populated\">\n\t\t\t\t\t\t<div class=\"elementor-element elementor-element-44bd41a1 elementor-widget__width-auto elementor-absolute elementor-widget elementor-widget-elementskit-heading\" data-id=\"44bd41a1\" data-element_type=\"widget\" data-settings=\"{&quot;_position&quot;:&quot;absolute&quot;}\" data-widget_type=\"elementskit-heading.default\">\n\t\t\t\t<div class=\"elementor-widget-container\">\n\t\t\t\t\t<div class=\"ekit-wid-con\" ><div class=\"ekit-heading elementskit-section-title-wraper text_left   ekit_heading_tablet-   ekit_heading_mobile-\"><h3 class=\"ekit-heading--title elementskit-section-title\">Meet <\/h3><h4 class=\"ekit-heading--subtitle elementskit-section-subtitle\">\n\t\t\t\t\t\tV\n\t\t\t\t\t<\/h4><\/div><\/div>\t\t\t\t<\/div>\n\t\t\t\t<\/div>\n\t\t\t\t<div class=\"elementor-element elementor-element-3e7b451d elementor-widget__width-auto elementor-absolute elementor-widget elementor-widget-elementskit-video\" data-id=\"3e7b451d\" data-element_type=\"widget\" data-settings=\"{&quot;_position&quot;:&quot;absolute&quot;}\" data-widget_type=\"elementskit-video.default\">\n\t\t\t\t<div class=\"elementor-widget-container\">\n\t\t\t\t\t<div class=\"ekit-wid-con\" >\t\t<div class=\"video-content\" data-video-player=\"[]\" data-video-setting=\"{&quot;videoVolume&quot;:&quot;horizontal&quot;,&quot;startVolume&quot;:0.8,&quot;videoType&quot;:&quot;iframe&quot;,&quot;videoClass&quot;:&quot;mfp-fade&quot;}\">\n\t\t\t\n<a class=\"ekit_icon_button glow-btn ekit-video-popup ekit-video-popup-btn\" href=\"https:\/\/www.youtube.com\/embed\/1MTkZPys7mU?feature=oembed?playlist=1MTkZPys7mU&amp;mute=0&amp;autoplay=0&amp;loop=no&amp;controls=0&amp;start=0&amp;end=\" aria-label=\"video-popup\">\n\t\t\t\t<svg aria-hidden=\"true\" class=\"e-font-icon-svg e-fas-play\" viewbox=\"0 0 448 512\" xmlns=\"http:\/\/www.w3.org\/2000\/svg\"><path d=\"M424.4 214.7L72.4 6.6C43.8-10.3 0 6.1 0 47.9V464c0 37.5 40.7 60.1 72.4 41.3l352-208c31.4-18.5 31.5-64.1 0-82.6z\"><\/path><\/svg>\t\t<\/a>\n\t\t\t\t\t<\/div>\n\t\t<\/div>\t\t\t\t<\/div>\n\t\t\t\t<\/div>\n\t\t\t\t\t<\/div>\n\t\t<\/div>\n\t\t\t\t\t<\/div>\n\t\t<\/section>\n\t\t\t\t\t<\/div>\n\t\t<\/div>\n\t\t\t\t\t<\/div>\n\t\t<\/section>\n\t\t\t\t\t<\/div>\n\t\t<\/div>\n\t\t\t\t\t<\/div>\n\t\t<\/section>\n\t\t<div class=\"elementor-element elementor-element-81ba760 gradiente e-flex e-con-boxed e-con e-parent\" data-id=\"81ba760\" data-element_type=\"container\" data-settings=\"{&quot;background_background&quot;:&quot;slideshow&quot;,&quot;background_slideshow_gallery&quot;:[{&quot;id&quot;:105,&quot;url&quot;:&quot;https:\\\/\\\/ciudapolis.com\\\/wp-content\\\/uploads\\\/2023\\\/11\\\/pexels-pixabay-206796.jpg&quot;},{&quot;id&quot;:237,&quot;url&quot;:&quot;https:\\\/\\\/ciudapolis.com\\\/wp-content\\\/uploads\\\/revslider\\\/blooming-parties-carousel1\\\/farm_preview.jpg&quot;}],&quot;background_slideshow_slide_duration&quot;:115000,&quot;background_slideshow_lazyload&quot;:&quot;yes&quot;,&quot;background_slideshow_ken_burns&quot;:&quot;yes&quot;,&quot;background_slideshow_ken_burns_zoom_direction&quot;:&quot;out&quot;,&quot;background_slideshow_loop&quot;:&quot;yes&quot;,&quot;background_slideshow_slide_transition&quot;:&quot;fade&quot;,&quot;background_slideshow_transition_duration&quot;:500}\">\n\t\t\t\t\t<div class=\"e-con-inner\">\n\t\t\t\t<div class=\"elementor-element elementor-element-9acd167 texto elementor-invisible elementor-widget elementor-widget-heading\" data-id=\"9acd167\" data-element_type=\"widget\" data-settings=\"{&quot;_animation&quot;:&quot;fadeInUp&quot;}\" data-widget_type=\"heading.default\">\n\t\t\t\t<div class=\"elementor-widget-container\">\n\t\t\t\t\t<p class=\"elementor-heading-title elementor-size-default\">RECEIVE NEWS AND UPDATES<\/p>\t\t\t\t<\/div>\n\t\t\t\t<\/div>\n\t\t\t\t<div class=\"elementor-element elementor-element-72ec02d texto elementor-invisible elementor-widget elementor-widget-heading\" data-id=\"72ec02d\" data-element_type=\"widget\" data-settings=\"{&quot;_animation&quot;:&quot;fadeInUp&quot;,&quot;_animation_delay&quot;:500}\" data-widget_type=\"heading.default\">\n\t\t\t\t<div class=\"elementor-widget-container\">\n\t\t\t\t\t<p class=\"elementor-heading-title elementor-size-default\">Sign up to receive the latest news on how we're shaping a new future<\/p>\t\t\t\t<\/div>\n\t\t\t\t<\/div>\n\t\t\t\t<div class=\"elementor-element elementor-element-d7264a7 elementor-widget__width-initial elementor-button-align-stretch elementor-widget elementor-widget-form\" data-id=\"d7264a7\" data-element_type=\"widget\" data-settings=\"{&quot;button_width&quot;:&quot;30&quot;,&quot;step_next_label&quot;:&quot;Next&quot;,&quot;step_previous_label&quot;:&quot;Previous&quot;,&quot;button_width_mobile&quot;:&quot;40&quot;,&quot;step_type&quot;:&quot;number_text&quot;,&quot;step_icon_shape&quot;:&quot;circle&quot;}\" data-widget_type=\"form.default\">\n\t\t\t\t<div class=\"elementor-widget-container\">\n\t\t\t\t\t\t\t<form class=\"elementor-form\" method=\"post\" name=\"New Form\" action=\"\">\n\t\t\t<input type=\"hidden\" name=\"post_id\" value=\"1083\"\/>\n\t\t\t<input type=\"hidden\" name=\"form_id\" value=\"d7264a7\"\/>\n\t\t\t<input type=\"hidden\" name=\"referer_title\" value=\"\" \/>\n\n\t\t\t\n\t\t\t<div class=\"elementor-form-fields-wrapper elementor-labels-\">\n\t\t\t\t\t\t\t\t<div class=\"elementor-field-type-text elementor-field-group elementor-column elementor-field-group-name elementor-col-70 elementor-sm-60\">\n\t\t\t\t\t\t\t\t\t\t\t\t<label for=\"form-field-name\" class=\"elementor-field-label elementor-screen-only\">\n\t\t\t\t\t\t\t\tEMAIL\t\t\t\t\t\t\t<\/label>\n\t\t\t\t\t\t\t\t\t\t\t\t\t\t<input size=\"1\" type=\"text\" name=\"form_fields[name]\" id=\"form-field-name\" class=\"elementor-field elementor-size-sm  elementor-field-textual\" placeholder=\"nombre@correo.com\">\n\t\t\t\t\t\t\t\t\t\t\t<\/div>\n\t\t\t\t\t\t\t\t<div class=\"elementor-field-group elementor-column elementor-field-type-submit elementor-col-30 e-form__buttons elementor-sm-40\">\n\t\t\t\t\t<button class=\"elementor-button elementor-size-sm\" type=\"submit\" id=\"en\">\n\t\t\t\t\t\t<span class=\"elementor-button-content-wrapper\">\n\t\t\t\t\t\t\t\t\t\t\t\t\t\t\t\t\t\t\t\t\t\t<span class=\"elementor-button-text\">SEND<\/span>\n\t\t\t\t\t\t\t\t\t\t\t\t\t<\/span>\n\t\t\t\t\t<\/button>\n\t\t\t\t<\/div>\n\t\t\t<\/div>\n\t\t<input type=\"hidden\" name=\"trp-form-language\" value=\"en\"\/><\/form>\n\t\t\t\t\t\t<\/div>\n\t\t\t\t<\/div>\n\t\t\t\t\t<\/div>\n\t\t\t\t<\/div>\n\t\t\t\t<\/div>","protected":false},"excerpt":{"rendered":"<p>[rev_slider alias=\u00bbinicio-ultimo-1&#8243; slidertitle=\u00bbL\u00cdDERES &#8211; ULTIMO\u00bb][\/rev_slider] Equipo de Liderazgo MENTES MAESTRAS DETR\u00c1S DE NUESTRA ORGANIZACI\u00d3N Galer\u00eda de Equipo JORGE LOZA Director Ejecutivo JENNY BARRERA Directora Comercial WALTER BRYSON Cargo 3 ELLOS QUIEREN SALUDARTE Mira el video de bienvenida por parte de nuestro equipo de l\u00edderes Conoce a Jenny Barrera Conoce a Vilma Conoce a V RECIBE [&hellip;]<\/p>","protected":false},"author":1,"featured_media":0,"parent":0,"menu_order":0,"comment_status":"closed","ping_status":"closed","template":"","meta":{"site-sidebar-layout":"no-sidebar","site-content-layout":"","ast-site-content-layout":"full-width-container","site-content-style":"default","site-sidebar-style":"default","ast-global-header-display":"","ast-banner-title-visibility":"","ast-main-header-display":"","ast-hfb-above-header-display":"","ast-hfb-below-header-display":"","ast-hfb-mobile-header-display":"","site-post-title":"disabled","ast-breadcrumbs-content":"","ast-featured-img":"disabled","footer-sml-layout":"","theme-transparent-header-meta":"","adv-header-id-meta":"","stick-header-meta":"","header-above-stick-meta":"","header-main-stick-meta":"","header-below-stick-meta":"","astra-migrate-meta-layouts":"default","ast-page-background-enabled":"default","ast-page-background-meta":{"desktop":{"background-color":"var(--ast-global-color-4)","background-image":"","background-repeat":"repeat","background-position":"center center","background-size":"auto","background-attachment":"scroll","background-type":"","background-media":"","overlay-type":"","overlay-color":"","overlay-opacity":"","overlay-gradient":""},"tablet":{"background-color":"","background-image":"","background-repeat":"repeat","background-position":"center center","background-size":"auto","background-attachment":"scroll","background-type":"","background-media":"","overlay-type":"","overlay-color":"","overlay-opacity":"","overlay-gradient":""},"mobile":{"background-color":"","background-image":"","background-repeat":"repeat","background-position":"center center","background-size":"auto","background-attachment":"scroll","background-type":"","background-media":"","overlay-type":"","overlay-color":"","overlay-opacity":"","overlay-gradient":""}},"ast-content-background-meta":{"desktop":{"background-color":"var(--ast-global-color-5)","background-image":"","background-repeat":"repeat","background-position":"center center","background-size":"auto","background-attachment":"scroll","background-type":"","background-media":"","overlay-type":"","overlay-color":"","overlay-opacity":"","overlay-gradient":""},"tablet":{"background-color":"var(--ast-global-color-5)","background-image":"","background-repeat":"repeat","background-position":"center center","background-size":"auto","background-attachment":"scroll","background-type":"","background-media":"","overlay-type":"","overlay-color":"","overlay-opacity":"","overlay-gradient":""},"mobile":{"background-color":"var(--ast-global-color-5)","background-image":"","background-repeat":"repeat","background-position":"center center","background-size":"auto","background-attachment":"scroll","background-type":"","background-media":"","overlay-type":"","overlay-color":"","overlay-opacity":"","overlay-gradient":""}},"footnotes":""},"class_list":["post-1083","page","type-page","status-publish","hentry"],"_links":{"self":[{"href":"https:\/\/ciudapolis.com\/en\/wp-json\/wp\/v2\/pages\/1083","targetHints":{"allow":["GET"]}}],"collection":[{"href":"https:\/\/ciudapolis.com\/en\/wp-json\/wp\/v2\/pages"}],"about":[{"href":"https:\/\/ciudapolis.com\/en\/wp-json\/wp\/v2\/types\/page"}],"author":[{"embeddable":true,"href":"https:\/\/ciudapolis.com\/en\/wp-json\/wp\/v2\/users\/1"}],"replies":[{"embeddable":true,"href":"https:\/\/ciudapolis.com\/en\/wp-json\/wp\/v2\/comments?post=1083"}],"version-history":[{"count":0,"href":"https:\/\/ciudapolis.com\/en\/wp-json\/wp\/v2\/pages\/1083\/revisions"}],"wp:attachment":[{"href":"https:\/\/ciudapolis.com\/en\/wp-json\/wp\/v2\/media?parent=1083"}],"curies":[{"name":"wp","href":"https:\/\/api.w.org\/{rel}","templated":true}]}}